{"id":3,"date":"2024-02-05T17:30:18","date_gmt":"2024-02-05T16:30:18","guid":{"rendered":"http:\/\/hiliostours.com\/?page_id=3"},"modified":"2024-02-07T20:17:10","modified_gmt":"2024-02-07T19:17:10","slug":"politique-de-confidentialite","status":"publish","type":"page","link":"https:\/\/hiliostours.com\/index.php\/politique-de-confidentialite\/","title":{"rendered":"Politique de confidentialit\u00e9"},"content":{"rendered":"\t\t<div data-elementor-type=\"wp-page\" data-elementor-id=\"3\" class=\"elementor elementor-3\" data-elementor-post-type=\"page\">\n\t\t\t\t<div class=\"elementor-element elementor-element-4d6f72e5 e-con-full e-flex e-con e-parent\" data-id=\"4d6f72e5\" data-element_type=\"container\">\n\t\t<div class=\"elementor-element elementor-element-eae4f87 e-flex e-con-boxed e-con e-child\" data-id=\"eae4f87\" data-element_type=\"container\">\n\t\t\t\t\t<div class=\"e-con-inner\">\n\t\t<div class=\"elementor-element elementor-element-bbe8ed3 e-flex e-con-boxed e-con e-child\" data-id=\"bbe8ed3\" data-element_type=\"container\">\n\t\t\t\t\t<div class=\"e-con-inner\">\n\t\t\t\t<div class=\"elementor-element elementor-element-f537b7f elementor-widget elementor-widget-heading\" data-id=\"f537b7f\" data-element_type=\"widget\" data-widget_type=\"heading.default\">\n\t\t\t\t<div class=\"elementor-widget-container\">\n\t\t\t\t\t<h2 class=\"elementor-heading-title elementor-size-default\">Politique de confidentialit\u00e9<\/h2>\t\t\t\t<\/div>\n\t\t\t\t<\/div>\n\t\t\t\t\t<\/div>\n\t\t\t\t<\/div>\n\t\t\t\t<div class=\"elementor-element elementor-element-f8214ef elementor-widget-divider--view-line elementor-widget elementor-widget-divider\" data-id=\"f8214ef\" data-element_type=\"widget\" data-widget_type=\"divider.default\">\n\t\t\t\t<div class=\"elementor-widget-container\">\n\t\t\t\t\t\t\t<div class=\"elementor-divider\">\n\t\t\t<span class=\"elementor-divider-separator\">\n\t\t\t\t\t\t<\/span>\n\t\t<\/div>\n\t\t\t\t\t\t<\/div>\n\t\t\t\t<\/div>\n\t\t\t\t<div class=\"elementor-element elementor-element-533c3aa3 elementor-widget elementor-widget-text-editor\" data-id=\"533c3aa3\" data-element_type=\"widget\" data-widget_type=\"text-editor.default\">\n\t\t\t\t<div class=\"elementor-widget-container\">\n\t\t\t\t\t\t\t\t\t\n<p><strong>Derni\u00e8re mise \u00e0 jour : 07\/02\/2024<\/strong><\/p>\n<p>Hilios Tours, exploitant du site web \u00ab\u00a0hiliostours.com\u00a0\u00bb, accorde une grande importance \u00e0 la confidentialit\u00e9 de ses utilisateurs. Cette politique de confidentialit\u00e9 d\u00e9taille comment nous recueillons, utilisons et prot\u00e9geons les informations que vous nous fournissez lorsque vous utilisez notre site web.<\/p>\n<p><strong>Collecte et utilisation des informations<\/strong><\/p>\n<p>Hilios Tours ne collecte ni ne conserve aucune information personnelle de mani\u00e8re automatique lorsque vous visitez notre site web. Nous ne collectons des informations vous concernant que si vous choisissez de nous les fournir volontairement via notre formulaire de contact ou tout autre formulaire pr\u00e9sent sur le site. Ces informations peuvent inclure, sans s&rsquo;y limiter, votre nom, votre adresse e-mail, votre num\u00e9ro de t\u00e9l\u00e9phone et toute autre information que vous choisissez de partager avec nous.<\/p>\n<p>Nous utilisons les informations que vous nous fournissez uniquement dans le but de r\u00e9pondre \u00e0 vos demandes, de vous fournir les services que vous avez demand\u00e9s ou pour communiquer avec vous concernant nos services. Nous ne vendons, n&rsquo;\u00e9changeons ni ne louons vos informations personnelles \u00e0 des tiers sans votre consentement explicite, sauf dans les cas o\u00f9 cela est requis par la loi.<\/p>\n<p><strong>Cookies et technologies similaires<\/strong><\/p>\n<p>Hilios Tours peut utiliser des cookies et d&rsquo;autres technologies de suivi similaires pour am\u00e9liorer votre exp\u00e9rience sur notre site web. Ces cookies sont de petits fichiers texte plac\u00e9s sur votre appareil pour collecter des informations standard de journal Internet et des informations sur le comportement des visiteurs de mani\u00e8re anonyme. Vous pouvez configurer votre navigateur pour refuser tous les cookies ou pour vous alerter lorsque des cookies sont envoy\u00e9s. Cependant, veuillez noter que certaines parties de notre site web peuvent ne pas fonctionner correctement si vous d\u00e9sactivez les cookies.<\/p>\n<p><strong>S\u00e9curit\u00e9 des donn\u00e9es<\/strong><\/p>\n<p>Hilios Tours prend des mesures de s\u00e9curit\u00e9 appropri\u00e9es pour prot\u00e9ger vos informations personnelles contre tout acc\u00e8s non autoris\u00e9, toute alt\u00e9ration, toute divulgation ou toute destruction. Cependant, veuillez noter qu&rsquo;aucune m\u00e9thode de transmission sur Internet ou de stockage \u00e9lectronique n&rsquo;est totalement s\u00e9curis\u00e9e, et nous ne pouvons garantir la s\u00e9curit\u00e9 absolue de vos informations.<\/p>\n<p><strong>Liens vers des sites tiers<\/strong><\/p>\n<p>Notre site web peut contenir des liens vers des sites web tiers. Nous n&rsquo;avons aucun contr\u00f4le sur le contenu, les politiques de confidentialit\u00e9 ou les pratiques des sites web de tiers et d\u00e9clinons toute responsabilit\u00e9 concernant leurs politiques ou leurs actions.<\/p>\n<p><strong>Modifications de la politique de confidentialit\u00e9<\/strong><\/p>\n<p>Hilios Tours se r\u00e9serve le droit de mettre \u00e0 jour ou de modifier cette politique de confidentialit\u00e9 \u00e0 tout moment et sans pr\u00e9avis. Nous vous encourageons \u00e0 consulter r\u00e9guli\u00e8rement cette page pour prendre connaissance de tout changement. Votre utilisation continue de notre site web apr\u00e8s la publication de modifications apport\u00e9es \u00e0 cette politique constitue votre acceptation de ces modifications.<\/p>\n<p><strong>Contactez-nous<\/strong><\/p>\n<p>Si vous avez des questions ou des pr\u00e9occupations concernant cette politique de confidentialit\u00e9, veuillez nous contacter \u00e0 l&rsquo;adresse suivante : [adresse e-mail de contact].<\/p>\n<p>En utilisant notre site web, vous consentez \u00e0 notre politique de confidentialit\u00e9.<\/p>\n\t\t\t\t\t\t\t\t<\/div>\n\t\t\t\t<\/div>\n\t\t\t\t\t<\/div>\n\t\t\t\t<\/div>\n\t\t\t\t<\/div>\n\t\t\t\t<\/div>\n\t\t","protected":false},"excerpt":{"rendered":"<p>Politique de confidentialit\u00e9 Derni\u00e8re mise \u00e0 jour : 07\/02\/2024 Hilios Tours, exploitant du site web \u00ab\u00a0hiliostours.com\u00a0\u00bb, accorde une grande importance \u00e0 la confidentialit\u00e9 de ses utilisateurs. Cette politique de confidentialit\u00e9 d\u00e9taille comment nous recueillons, utilisons et prot\u00e9geons les informations que vous nous fournissez lorsque vous utilisez notre site web. Collecte et utilisation des informations Hilios [&hellip;]<\/p>\n","protected":false},"author":1,"featured_media":0,"parent":0,"menu_order":0,"comment_status":"closed","ping_status":"open","template":"","meta":{"om_disable_all_campaigns":false,"_monsterinsights_skip_tracking":false,"_monsterinsights_sitenote_active":false,"_monsterinsights_sitenote_note":"","_monsterinsights_sitenote_category":0,"footnotes":""},"class_list":["post-3","page","type-page","status-publish","hentry"],"aioseo_notices":[],"_links":{"self":[{"href":"https:\/\/hiliostours.com\/index.php\/wp-json\/wp\/v2\/pages\/3"}],"collection":[{"href":"https:\/\/hiliostours.com\/index.php\/wp-json\/wp\/v2\/pages"}],"about":[{"href":"https:\/\/hiliostours.com\/index.php\/wp-json\/wp\/v2\/types\/page"}],"author":[{"embeddable":true,"href":"https:\/\/hiliostours.com\/index.php\/wp-json\/wp\/v2\/users\/1"}],"replies":[{"embeddable":true,"href":"https:\/\/hiliostours.com\/index.php\/wp-json\/wp\/v2\/comments?post=3"}],"version-history":[{"count":9,"href":"https:\/\/hiliostours.com\/index.php\/wp-json\/wp\/v2\/pages\/3\/revisions"}],"predecessor-version":[{"id":64,"href":"https:\/\/hiliostours.com\/index.php\/wp-json\/wp\/v2\/pages\/3\/revisions\/64"}],"wp:attachment":[{"href":"https:\/\/hiliostours.com\/index.php\/wp-json\/wp\/v2\/media?parent=3"}],"curies":[{"name":"wp","href":"https:\/\/api.w.org\/{rel}","templated":true}]}}